{"id":245,"date":"2020-08-24T14:45:15","date_gmt":"2020-08-24T12:45:15","guid":{"rendered":"http:\/\/www.db0ls.de\/?page_id=245"},"modified":"2024-03-12T08:15:06","modified_gmt":"2024-03-12T07:15:06","slug":"db0ls","status":"publish","type":"page","link":"https:\/\/www.lausitzlink.de\/?page_id=245","title":{"rendered":"DB0LS"},"content":{"rendered":"\n<p>Dashboard-Analog: <a href=\"https:\/\/www.lausitzlink.de\/svx-dash\/index.html\" target=\"_blank\" rel=\"noreferrer noopener\">https:\/\/www.lausitzlink.de\/svx-dash\/index.html<\/a><br><br>Betreiber: Mario DG1FI (On-Air: seit 06\/2016)<br><br>Standort: 51\u00b031.67&#8242; N 13\u00b049.88&#8242; E &#8211; Locator: JO61VM<br><br>QRG UHF: 439.375Mhz &#8211; 7,6<br>QRG APRS: 144.800MHz<br>QRG LoRa: 433.775MHz<\/p>\n\n\n\n<p><strong>Um das Relais zu \u00f6ffnen, muss zwingend ein CTCSS Ton von 123Hz mit gesendet werden!<\/strong><br><br>Hardware UHF: Hytera DR-985 mit CM108 Soundkarte @ Raspberry PI  <br>Hardware APRS: Microsat WX3in1 Plus 2.0 mit einem Yaesu FT-7800<br>Hardware LoRa: TTGO-TBEAM<\/p>\n\n\n\n<p>Das 70cm Relais h\u00e4ngt an einem Huber und Suhner 70cm Bandplass Duplexer, am RX Port ist ein 16x RX Multicoupler vom Kathrein verbaut, welcher das Signal pro Port um ca. 4dB verst\u00e4rkt. Zus\u00e4tzlich kommt noch ein VV von HA8ET zum Einsatz.<br><br>Das UHF Relais ist au\u00dferdem dauerhaft mit DB0AF und DB0NLS gekoppelt und auch via Echolink 7316 erreichbar. <\/p>\n\n\n\n<p>Stand: 11\/2023<\/p>\n\n\n\n<p>73 Mario<br>DG1FI<\/p>\n\n\n\n<p><br><\/p>\n","protected":false},"excerpt":{"rendered":"<p>Dashboard-Analog: https:\/\/www.lausitzlink.de\/svx-dash\/index.html Betreiber: Mario DG1FI (On-Air: seit 06\/2016) Standort: 51\u00b031.67&#8242; N 13\u00b049.88&#8242; E &#8211; Locator: JO61VM QRG UHF: 439.375Mhz &#8211;&hellip;<\/p>\n","protected":false},"author":1,"featured_media":0,"parent":0,"menu_order":0,"comment_status":"closed","ping_status":"closed","template":"","meta":{"footnotes":""},"class_list":["post-245","page","type-page","status-publish","hentry"],"_links":{"self":[{"href":"https:\/\/www.lausitzlink.de\/index.php?rest_route=\/wp\/v2\/pages\/245","targetHints":{"allow":["GET"]}}],"collection":[{"href":"https:\/\/www.lausitzlink.de\/index.php?rest_route=\/wp\/v2\/pages"}],"about":[{"href":"https:\/\/www.lausitzlink.de\/index.php?rest_route=\/wp\/v2\/types\/page"}],"author":[{"embeddable":true,"href":"https:\/\/www.lausitzlink.de\/index.php?rest_route=\/wp\/v2\/users\/1"}],"replies":[{"embeddable":true,"href":"https:\/\/www.lausitzlink.de\/index.php?rest_route=%2Fwp%2Fv2%2Fcomments&post=245"}],"version-history":[{"count":19,"href":"https:\/\/www.lausitzlink.de\/index.php?rest_route=\/wp\/v2\/pages\/245\/revisions"}],"predecessor-version":[{"id":694,"href":"https:\/\/www.lausitzlink.de\/index.php?rest_route=\/wp\/v2\/pages\/245\/revisions\/694"}],"wp:attachment":[{"href":"https:\/\/www.lausitzlink.de\/index.php?rest_route=%2Fwp%2Fv2%2Fmedia&parent=245"}],"curies":[{"name":"wp","href":"https:\/\/api.w.org\/{rel}","templated":true}]}}