{"id":252,"date":"2020-08-24T19:01:20","date_gmt":"2020-08-24T17:01:20","guid":{"rendered":"http:\/\/www.lausitzlink.de\/?page_id=252"},"modified":"2025-01-08T11:30:01","modified_gmt":"2025-01-08T10:30:01","slug":"db0nls","status":"publish","type":"page","link":"https:\/\/www.lausitzlink.de\/?page_id=252","title":{"rendered":"DB0NLS"},"content":{"rendered":"\n<p>Dashboard-Analog: <a href=\"https:\/\/www.lausitzlink.de\/svx-dash\/index.html\" target=\"_blank\" rel=\"noreferrer noopener\">https:\/\/www.lausitzlink.de\/svx-dash\/index.html<\/a><br>Dashboard-DMR+C4FM: <a href=\"http:\/\/loe7kkrzsj8742lf.myfritz.net:8080\/\">http:\/\/loe7kkrzsj8742lf.myfritz.net:8080\/<\/a><br>Dashboard APRS: <a href=\"http:\/\/loe7kkrzsj8742lf.myfritz.net:14501\" target=\"_blank\" rel=\"noreferrer noopener\">http:\/\/loe7kkrzsj8742lf.myfritz.net:14501<\/a><\/p>\n\n\n\n<p><\/p>\n\n\n\n<p><strong>70cm Repeater DMR+C4FM und FM<\/strong><br><br>Betreiber: R\u00fcdiger DL1RKW<br>Stromversorgung: 230V und Solarbetrieb 12V<br>Battarie 12V ca. 220Ah, Solarmodulleistung ca.300Wpeak<br>TX: Yaesu FT7800<br>RX: Motorola GM1280<br>QRG: 439,5125Mhz -7,6Mhz<br>Steuerung: Raspberry Pi mit STM32 Modem<br>Antenne: X300N<br>Standort: Lauta 51\u00b026.61&#8242; N 14\u00b006.14&#8242; E <br>Locator JO71BK <br>Antennenfu\u00dfpunkt ca. 152m \u00fcber NN<\/p>\n\n\n\n<p>Analogbetrieb nur mit CTCSS 123.0Hz sowohl RX und TX (TSQL) m\u00f6glich, es ist kein Rufton erforderlich.<\/p>\n\n\n\n<p>Verbundene DMR-Netze: LausitzLink, Brandmeister und DMR+<\/p>\n\n\n\n<p>geschaltete DMR TGs:<\/p>\n\n\n\n<p>TS1:<\/p>\n\n\n\n<ul class=\"wp-block-list\">\n<li>TG-20 D-A-CH (statish)<\/li>\n\n\n\n<li>TG-9262 = DMR+ DL (dynamisch)<\/li>\n\n\n\n<li>TG-262 = Brandmeister DL (dynamisch)<\/li>\n<\/ul>\n\n\n\n<p>TS2:<\/p>\n\n\n\n<ul class=\"wp-block-list\">\n<li>TG-7 LausitzLink, TG-2626 Hessen (statisch)<\/li>\n\n\n\n<li>TG-9 lokal mit Reflektor 4004 (statisch)<\/li>\n<\/ul>\n\n\n\n<p>Alle anderen TGs k\u00f6nnen jederzeit dynamisch gebucht werden, daf\u00fcr einfach kurz die Taste auf der jeweiligen TG dr\u00fccken, dann wird diese f\u00fcr ca. 20 Minuten gebucht.<\/p>\n\n\n\n<p>C4FM Reflektor DE-SAXONIA, alle Reflektoren k\u00f6nnen per Wire-X gebucht werden. siehe:&nbsp;<a rel=\"noreferrer noopener\" href=\"https:\/\/register.ysfreflector.de\/\" target=\"_blank\">https:\/\/register.ysfreflector.de\/<\/a>&nbsp;<\/p>\n\n\n\n<p>APRS I-Gate 144.800 Mhz mit Multi TNC, Yaesu FT-23 und Raspberry Pi<\/p>\n\n\n\n<p>LoRa APRS I-Gate 433.775 Mhz mit TTGO T-BEAM<\/p>\n\n\n\n<p>DB0NLS-VHF im Testbetrieb 145.73750MHz Ablage -0.6MHz CTCSS 123Hz<\/p>\n\n\n\n<p>Stand: 08\/2024<\/p>\n\n\n\n<p>73 DL1RKW  R\u00fcdiger<\/p>\n","protected":false},"excerpt":{"rendered":"<p>Dashboard-Analog: https:\/\/www.lausitzlink.de\/svx-dash\/index.htmlDashboard-DMR+C4FM: http:\/\/loe7kkrzsj8742lf.myfritz.net:8080\/Dashboard APRS: http:\/\/loe7kkrzsj8742lf.myfritz.net:14501 70cm Repeater DMR+C4FM und FM Betreiber: R\u00fcdiger DL1RKWStromversorgung: 230V und Solarbetrieb 12VBattarie 12V ca. 220Ah,&hellip;<\/p>\n","protected":false},"author":1,"featured_media":0,"parent":0,"menu_order":0,"comment_status":"closed","ping_status":"closed","template":"","meta":{"footnotes":""},"class_list":["post-252","page","type-page","status-publish","hentry"],"_links":{"self":[{"href":"https:\/\/www.lausitzlink.de\/index.php?rest_route=\/wp\/v2\/pages\/252","targetHints":{"allow":["GET"]}}],"collection":[{"href":"https:\/\/www.lausitzlink.de\/index.php?rest_route=\/wp\/v2\/pages"}],"about":[{"href":"https:\/\/www.lausitzlink.de\/index.php?rest_route=\/wp\/v2\/types\/page"}],"author":[{"embeddable":true,"href":"https:\/\/www.lausitzlink.de\/index.php?rest_route=\/wp\/v2\/users\/1"}],"replies":[{"embeddable":true,"href":"https:\/\/www.lausitzlink.de\/index.php?rest_route=%2Fwp%2Fv2%2Fcomments&post=252"}],"version-history":[{"count":38,"href":"https:\/\/www.lausitzlink.de\/index.php?rest_route=\/wp\/v2\/pages\/252\/revisions"}],"predecessor-version":[{"id":816,"href":"https:\/\/www.lausitzlink.de\/index.php?rest_route=\/wp\/v2\/pages\/252\/revisions\/816"}],"wp:attachment":[{"href":"https:\/\/www.lausitzlink.de\/index.php?rest_route=%2Fwp%2Fv2%2Fmedia&parent=252"}],"curies":[{"name":"wp","href":"https:\/\/api.w.org\/{rel}","templated":true}]}}