{"id":385,"date":"2021-01-28T22:58:33","date_gmt":"2021-01-28T21:58:33","guid":{"rendered":"http:\/\/www.lausitzlink.de\/?page_id=385"},"modified":"2025-03-23T10:37:09","modified_gmt":"2025-03-23T09:37:09","slug":"downloads","status":"publish","type":"page","link":"https:\/\/www.lausitzlink.de\/?page_id=385","title":{"rendered":"Downloads"},"content":{"rendered":"\n<p>Unsere Downloadseite ist umgezogen, dass macht es uns noch leichter den Content aktuell zu halten:<\/p>\n\n\n\n<p><a href=\"https:\/\/seafile2.wesolek.org\/d\/8a8184e478be4d84aba4\/\" target=\"_blank\" rel=\"noreferrer noopener\">https:\/\/seafile2.wesolek.org\/d\/8a8184e478be4d84aba4\/<\/a><\/p>\n\n\n\n<p>Das einspielen der Firmware\/Codeplugs, sowie die Nutzung des zur Verf\u00fcgung gestellten Materials erfolgt auf EIGENE Gefahr &#8211; wir \u00fcbernehmen bei Sch\u00e4den keine Haftung! F\u00fcr R\u00fcckfragen und Verbesserungsvorschl\u00e4ge stehen wir aber jederzeit zur Verf\u00fcgung!<\/p>\n","protected":false},"excerpt":{"rendered":"<p>Unsere Downloadseite ist umgezogen, dass macht es uns noch leichter den Content aktuell zu halten: https:\/\/seafile2.wesolek.org\/d\/8a8184e478be4d84aba4\/ Das einspielen der Firmware\/Codeplugs,&hellip;<\/p>\n","protected":false},"author":1,"featured_media":0,"parent":0,"menu_order":0,"comment_status":"closed","ping_status":"closed","template":"","meta":{"footnotes":""},"class_list":["post-385","page","type-page","status-publish","hentry"],"_links":{"self":[{"href":"https:\/\/www.lausitzlink.de\/index.php?rest_route=\/wp\/v2\/pages\/385","targetHints":{"allow":["GET"]}}],"collection":[{"href":"https:\/\/www.lausitzlink.de\/index.php?rest_route=\/wp\/v2\/pages"}],"about":[{"href":"https:\/\/www.lausitzlink.de\/index.php?rest_route=\/wp\/v2\/types\/page"}],"author":[{"embeddable":true,"href":"https:\/\/www.lausitzlink.de\/index.php?rest_route=\/wp\/v2\/users\/1"}],"replies":[{"embeddable":true,"href":"https:\/\/www.lausitzlink.de\/index.php?rest_route=%2Fwp%2Fv2%2Fcomments&post=385"}],"version-history":[{"count":15,"href":"https:\/\/www.lausitzlink.de\/index.php?rest_route=\/wp\/v2\/pages\/385\/revisions"}],"predecessor-version":[{"id":823,"href":"https:\/\/www.lausitzlink.de\/index.php?rest_route=\/wp\/v2\/pages\/385\/revisions\/823"}],"wp:attachment":[{"href":"https:\/\/www.lausitzlink.de\/index.php?rest_route=%2Fwp%2Fv2%2Fmedia&parent=385"}],"curies":[{"name":"wp","href":"https:\/\/api.w.org\/{rel}","templated":true}]}}