{"id":98,"date":"2016-08-28T13:31:00","date_gmt":"2016-08-28T11:31:00","guid":{"rendered":"http:\/\/www.db0ls.de\/?page_id=98"},"modified":"2025-06-23T18:42:09","modified_gmt":"2025-06-23T16:42:09","slug":"galerie","status":"publish","type":"page","link":"https:\/\/www.lausitzlink.de\/?page_id=98","title":{"rendered":"Moorfunk"},"content":{"rendered":"\n<p>Liebe Freunde des Moorfunks,<br><br>es wurde auch dieses Jahr zahlreich die Bitte an uns heran getragen, wieder das mittlerweile sehr bekannte und liebgewonnene Moorfunkertreffen zu veranstalten.<\/p>\n\n\n\n<p>Nach der Abstimmung \u00fcber einen geeigneten Termin, sowie \u00dcberlegungen zur Finanzierung \/ Organisation der Veranstaltung,<br>Hauptfragmente der letzten Jahre, kamen wir also zu folgendem, f\u00fcr jeden hoffentlich erfreulichen Umsetzungsplan :<br><strong><br>Termin: <\/strong>Sa., 14.06.2025 10:00 Uhr bis So.,15.06.2025 16:00 Uhr<br><strong><br>Festgel\u00e4nde:<\/strong>&nbsp;<a href=\"https:\/\/maps.app.goo.gl\/aJG5QnirN3HPY2MC9\">https:\/\/maps.app.goo.gl\/aJG5QnirN3HPY2MC9<\/a><br><strong><br>Unterbringung:<\/strong><\/p>\n\n\n\n<p>Camping mit Zelt oder Wohnwagen ist wie immer auf der gro\u00dfen umfriedeten Rasenfl\u00e4che m\u00f6glich, WC und Waschm\u00f6glichkeit sowie 230V stehen zur Verf\u00fcgung.<br><strong><br>Verpflegung:<br><\/strong><br>&#8211; f\u00fcr warme Speisen aus Topf, Kessel, Grill und Pfanne ist , auch sp\u00e4t abends oder Nachts ausreichend gesorgt.<\/p>\n\n\n\n<p>&#8211; f\u00fcr den Durst gibt es nat\u00fcrlich wieder ausreichend gutes Bier aus sauberem Glas.<\/p>\n\n\n\n<p>&#8211; Weiterhin werden neben Kaffee und Tee, auch alkoholfreie Kaltgetr\u00e4nke gereicht.<\/p>\n\n\n\n<p>&#8211; Wer sich trotzdem noch zus\u00e4tzlich etwas mitbringen m\u00f6chte, kann die Waren hitze,- und waschb\u00e4rsicher im bereitgestellten K\u00fchlschrank lagern.<br><strong><br>Lokalit\u00e4ten:<\/strong><\/p>\n\n\n\n<p>Die Veranstaltung kann auch bei schlechten Wetter stattfinden, da alle Aktivit\u00e4ten, welche der Trockenheit bed\u00fcrfen unter einem gro\u00dfen \u00fcberdachten,<br>bierzelt\u00e4hnlichen&nbsp; Holzpavillon stattfinden.<\/p>\n\n\n\n<p>Sollte es Nachts k\u00fchler werden, kann auch geheizt werden.<br><strong><br>Funk:<\/strong><\/p>\n\n\n\n<p>Es steht wie immer die station\u00e4re Antennenanlage zur Verf\u00fcgung. An den Funkpl\u00e4tzen befindet sich wie in den vergangen Jahren auch eine Leiste mit<br>jeweils einzelnen PL \u2013 Anschl\u00fcssen f\u00fcr folgende B\u00e4nder:<\/p>\n\n\n\n<p>160m Dipol horizontal<br>80m Dipol&nbsp; horizontal<br>40m Dipol&nbsp; horizontal<br>20m Dipol&nbsp; horizontal<br>10m Dipol&nbsp; horizontal<br>10-15m vertikal<br>2m\/70cm Lambda \u00bc<br>2m\/70cm GP9<br>2m big wheel&nbsp; horizontal (SSB)<br><br>Alle Antennen k\u00f6nnen einzeln, und unabh\u00e4ngig von einander angeschlossen werden.<\/p>\n\n\n\n<p>Da der KW Betrieb speziell zu sp\u00e4terer Stunde interessant werden d\u00fcrfte, bitte ich jeden seine gew\u00fcnschte Technik bei Bedarf selbst mitzubringen.<br>Ein Ger\u00e4t f\u00fcr 2m \/ 70cm wird bereit gestellt, dient aber tags\u00fcber der lokalen Funkeinweisung \u00fcber DB0AF[145.6125]\/DB0LS[439.375]\/DB0NLS[439.5125\/145.7375].<\/p>\n\n\n\n<p>Bitte Netzteil \/ Verteiler nicht vergessen, an jedem Tisch befinden sich nur 2 Steckdosen.<br><strong><br>Unkostenbeitrag: 25 Euro<br><\/strong><br>Jeder Teilnehmer meldet sich bitte sp\u00e4testens bis zum 01.06.2025 auf der verlinkten I-Net Seite an.<\/p>\n\n\n\n<p>Der Beitrag ist <strong>bitte vorher<\/strong> per Bank\u00fcberweisung, Bar oder PayPal an Mario DG1FI zu entrichten.<br>Der Eingang ist jeweils mit einem H\u00e4kchen versehen in der Teilnehmerliste zu finden.<br><br><strong>Registration:<\/strong><br><\/p>\n\n\n\n<p><a href=\"https:\/\/www.lausitzlink.de\/moorfunk\/sites\/default\/show_members.php\">https:\/\/www.lausitzlink.de\/moorfunk\/sites\/default\/show_members.php<\/a><br><br>Die Anmeldung wird dringend ben\u00f6tigt, damit wir speziell die leckeren Fleischwaren, Kesseleint\u00f6pfe \/ Getr\u00e4nke etc disponieren k\u00f6nnen.<br><strong><em><u><br>Wir freuen uns auf rege Teilnahme und bitten diese Mail im OV, Club oder an andere Funkfreunde zu verteilen.<br><\/u><\/em><\/strong><br><\/p>\n\n\n\n<p>Zum reinschnuppern \u2013 Eindr\u00fccke der letzten Jahre gibt es hier:<br><br><a href=\"https:\/\/seafile2.wesolek.org\/d\/8a8184e478be4d84aba4\/?p=%2FBilder%2FMoorfunkertreffen&amp;mode=list\">https:\/\/seafile2.wesolek.org\/d\/8a8184e478be4d84aba4\/?p=%2FBilder%2FMoorfunkertreffen&amp;mode=list<\/a><br><\/p>\n\n\n\n<p>73 und mit besten Gr\u00fc\u00dfen<br>Micha DF1MWA, Gerd DC1GWA und Mario DG1FI<br>(Einladungstext by Micha DF1MWA)<br><\/p>\n\n\n\n<p><\/p>\n\n\n\n<hr class=\"wp-block-separator has-alpha-channel-opacity\"\/>\n\n\n\n<p><\/p>\n\n\n\n<p>Sehr geehrte Funkfreundinnen und Funkfreunde,<br><br>es war lange nicht klar, ob wir 2024 das Moorfunkertreffen \u00fcberhaupt noch einmal ausrichten werden. Nach einiger Diskussion haben wir uns aber doch entschlossen, wieder an den Start zu gehen. Es erwartet Euch wie immer ein gem\u00fctliches Beisammensein, Bier trinken, Grillwurst und Fachsimpelein zu dem ein oder anderen (Funk)-Thema.<br>F\u00fcr das leibliche Wohl ist wie immer gesorgt! Wir wollen diese sch\u00f6ne Event aufrecht erhalten und den Zusammenhalt im Amateurfunk weiter f\u00f6rdern und fordern, deswegen laden wir auch 2024 wieder ein:<br><br>Zum reinschnuppern &#8211; Eindr\u00fccke der letzten Jahre gibt es hier:<br><br>Fotos: <a href=\"https:\/\/seafile2.wesolek.org\/d\/8a8184e478be4d84aba4\/?p=%2FBilder%2FMoorfunkertreffen&amp;mode=list\">https:\/\/seafile2.wesolek.org\/d\/8a8184e478be4d84aba4\/?p=%2FBilder%2FMoorfunkertreffen&amp;mode=list<\/a><br><br>Wer also Lust und Zeit hat, kann gerne am<strong> Sa, 15.06.2024<\/strong> ab 10 Uhr am bekannten &#8222;Festgel\u00e4nde&#8220; erscheinen:<br><br>Anfahrt: <a href=\"https:\/\/maps.app.goo.gl\/aJG5QnirN3HPY2MC9\" target=\"_blank\" rel=\"noreferrer noopener\">https:\/\/maps.app.goo.gl\/aJG5QnirN3HPY2MC9<\/a><br><br>Wichtig: bitte vorher hier registrieren, damit wir eine \u00dcbersicht haben, wer alles erscheint und dementsprechend Lebensmittel einkaufen k\u00f6nnen:<br><br>Registration: <a href=\"https:\/\/www.lausitzlink.de\/moorfunk\/sites\/default\/show_members.php\" target=\"_blank\" rel=\"noreferrer noopener\">https:\/\/www.lausitzlink.de\/moorfunk\/sites\/default\/show_members.php<\/a><br><br>Wichtig: die Spendenbereitschaft war in der Vergangenheit nicht sonderlich ausgepr\u00e4gt. Aus diesem Grund werden wir jetzt einen Pauschalbetrag in H\u00f6he von 20\u20ac von jedem Gast einnehmen, damit wir dieses Jahr nicht mehr wie in den<br>vergangenen Jahren auf den Kosten sitzen bleiben (danke nochmal an den AFC-NL).<br><br>Wer sich aus irgendwelchen sozialen Gr\u00fcnden, den Beitrag nicht leisten kann,\u00a0 der m\u00f6ge mich bitte anschreiben, notfalls \u00fcbernehme ich die Kosten pers\u00f6nlich. Der Beitrag ist VORHER per Bank\u00fcberweisung, Bar oder PayPal an Mario DG1FI zu entrichten.<br><br>Wir freuen uns auf rege Teilnahme und bitten diese Mail im OV, Club oder an andere Funkfreunde zu verteilen!<br><br>Mit besten Gr\u00fc\u00dfen<br>Micha DF1MWA, Gerd DC1GWA und Mario DG1FI<\/p>\n","protected":false},"excerpt":{"rendered":"<p>Liebe Freunde des Moorfunks, es wurde auch dieses Jahr zahlreich die Bitte an uns heran getragen, wieder das mittlerweile sehr&hellip;<\/p>\n","protected":false},"author":1,"featured_media":0,"parent":0,"menu_order":0,"comment_status":"closed","ping_status":"closed","template":"","meta":{"footnotes":""},"class_list":["post-98","page","type-page","status-publish","hentry"],"_links":{"self":[{"href":"https:\/\/www.lausitzlink.de\/index.php?rest_route=\/wp\/v2\/pages\/98","targetHints":{"allow":["GET"]}}],"collection":[{"href":"https:\/\/www.lausitzlink.de\/index.php?rest_route=\/wp\/v2\/pages"}],"about":[{"href":"https:\/\/www.lausitzlink.de\/index.php?rest_route=\/wp\/v2\/types\/page"}],"author":[{"embeddable":true,"href":"https:\/\/www.lausitzlink.de\/index.php?rest_route=\/wp\/v2\/users\/1"}],"replies":[{"embeddable":true,"href":"https:\/\/www.lausitzlink.de\/index.php?rest_route=%2Fwp%2Fv2%2Fcomments&post=98"}],"version-history":[{"count":11,"href":"https:\/\/www.lausitzlink.de\/index.php?rest_route=\/wp\/v2\/pages\/98\/revisions"}],"predecessor-version":[{"id":860,"href":"https:\/\/www.lausitzlink.de\/index.php?rest_route=\/wp\/v2\/pages\/98\/revisions\/860"}],"wp:attachment":[{"href":"https:\/\/www.lausitzlink.de\/index.php?rest_route=%2Fwp%2Fv2%2Fmedia&parent=98"}],"curies":[{"name":"wp","href":"https:\/\/api.w.org\/{rel}","templated":true}]}}